{"id":2062,"date":"2024-04-17T12:12:02","date_gmt":"2024-04-17T12:12:02","guid":{"rendered":"https:\/\/missionleadership.challengesforum.org\/?page_id=2062"},"modified":"2024-04-23T12:39:15","modified_gmt":"2024-04-23T12:39:15","slug":"userguide","status":"publish","type":"page","link":"https:\/\/missionleadership.challengesforum.org\/fr\/a-propos-des-considerations\/userguide\/","title":{"rendered":"Guide d\u2019utilisation"},"content":{"rendered":"<h2>Structure de l\u2019outil<\/h2>\n<p>Il est dangereux de st\u00e9r\u00e9otyper les missions de maintien de paix des Nations Unies et leurs probl\u00e8mes. Par cons\u00e9quent, toute orientation conceptuelle ne doit pas \u00eatre une liste de choses obligatoires qui doivent \u00eatre faites, mais plut\u00f4t une discussion utile, sous des rubriques g\u00e9n\u00e9riques, des choses que l\u2019\u00e9quipe de surveillance de la mission pourrait consid\u00e9rer comme meilleures \u00e0 mettre en pratique.<\/p>\n<p>Les deux chapitres liminaires de l\u2019outil abordent la question du leadership, de la gestion, de la mise en \u0153uvre du mandat, de l\u2019int\u00e9gration, de la coordination et du soutien de la mission, qui constituent tous un cadre normatif pour les hauts responsables de la mission.<\/p>\n<p>Les chapitres 3 \u00e0 6 se concentrent sur quatre objectifs cl\u00e9s extraits de l\u2019analyse du mandat et des fonctions essentielles du maintien de la paix :<\/p>\n<ul>\n<li>Chapitre 3\u00a0: Faciliter et soutenir le processus politique<\/li>\n<li>Chapitre 4\u00a0: Cr\u00e9er un environnement s\u00fbr et stable<\/li>\n<li>Chapitre 5\u00a0: Renforcer l\u2019\u00c9tat de droit<\/li>\n<li>Chapitre 6\u00a0: Soutenir la consolidation de la paix et le d\u00e9veloppement<\/li>\n<\/ul>\n<p>Le chapitre 3-6 comporte plusieurs modules :<\/p>\n<ul>\n<li><em>Conditions pr\u00e9alables pour le succ\u00e8s :\u00a0<\/em>Il d\u00e9crit les conditions pr\u00e9alables au succ\u00e8s, m\u00eame si elles ne seront probablement pas toutes r\u00e9unies au moment du d\u00e9ploiement d\u2019une mission.<\/li>\n<li><em>R\u00e9sultats op\u00e9rationnels :\u00a0<\/em>Identifie un ensemble g\u00e9n\u00e9rique de r\u00e9sultats op\u00e9rationnels vis\u00e9s par chaque objectif. Il s\u2019agit des sous-chapitres de chaque chapitre.<\/li>\n<li><em>Activit\u00e9s op\u00e9rationnelles :<\/em>\u00a0D\u00e9crit un ensemble d\u2019activit\u00e9s op\u00e9rationnelles qui pourraient devoir \u00eatre entreprises par la mission pour obtenir les r\u00e9sultats souhait\u00e9s.<\/li>\n<li><em>Crit\u00e8res de r\u00e9f\u00e9rence\u00a0:<\/em>\u00a0Attribue aux r\u00e9sultats un cadre \u00e9largi de r\u00e9f\u00e9rence bas\u00e9 sur les priorit\u00e9s \u00e0 court, moyen et long terme (dont beaucoup vont au-del\u00e0 du cycle de vie) et sur les responsabilit\u00e9s et budgets prescrits d\u2019une mission.<\/li>\n<li><em>\u00c9l\u00e9ments \u00e0 prendre en consid\u00e9ration\u00a0:<\/em>\u00a0Identifie les consid\u00e9rations ou les polarit\u00e9s qui surgissent in\u00e9vitablement et doivent \u00eatre g\u00e9r\u00e9es afin de mieux orienter la r\u00e9flexion des chefs\/cheffes de mission.<\/li>\n<\/ul>\n<p>Cette m\u00e9thodologie correspond aux meilleures pratiques des Nations Unies, y compris les mod\u00e8les logiques sugg\u00e9r\u00e9s par le Bureau des services de contr\u00f4le interne des Nations Unies.<\/p>\n<h2>Caract\u00e9ristiques de l\u2019outil<\/h2>\n<ul>\n<li><strong>Cr\u00e9ez un raccourci vers l\u2019outil pour un acc\u00e8s facile<br \/>\n<\/strong><strong><br \/>\n<\/strong>Cet outil est une application web progressive, ce qui signifie qu\u2019il est accessible sur tous les appareils via n\u2019importe quel navigateur Web. Vous pouvez ajouter un raccourci pour enregistrer l\u2019outil sur l\u2019\u00e9cran d\u2019accueil de votre t\u00e9l\u00e9phone ou de votre tablette afin d\u2019y acc\u00e9der d\u2019un simple clic. Lancez le navigateur Safari sur l\u2019iOS d\u2019Apple et acc\u00e9dez \u00e0 l\u2019outil. Appuyez sur le bouton \u00ab Partager \u00bb dans la barre d\u2019outils du navigateur. C\u2019est le rectangle avec une fl\u00e8che pointant vers le haut. Il se trouve en haut de l\u2019\u00e9cran sur un iPad et en bas de l\u2019\u00e9cran sur un iPhone ou un iPod Touch. Appuyez sur l\u2019ic\u00f4ne \u00ab Ajouter \u00e0 l\u2019\u00e9cran d\u2019accueil \u00bb dans le menu \u00ab Partager \u00bb pour ajouter le raccourci. Ajoutez un nom au raccourci et acc\u00e9dez-y depuis votre \u00e9cran d\u2019accueil.<\/p>\n<p><em style=\"font-size: 1rem; color: var(--bs-body-color); font-family: var(--bs-body-font-family); font-weight: var(--bs-body-font-weight); text-align: var(--bs-body-text-align);\">Android<\/p>\n<p><\/em>Lancez Chrome pour Android et acc\u00e9dez \u00e0 l\u2019outil. Appuyez sur le bouton de menu et appuyez sur \u00ab Ajouter \u00e0 l\u2019\u00e9cran d\u2019accueil \u00bb. Vous pourrez saisir un nom pour le raccourci, et Chrome l\u2019ajoutera \u00e0 votre \u00e9cran d\u2019accueil, ce qui vous permettra d\u2019y acc\u00e9der facilement.<\/p>\n<p>L\u2019ic\u00f4ne appara\u00eetra sur votre \u00e9cran d\u2019accueil comme n\u2019importe quel autre raccourci d\u2019application ou widget, et vous pourrez la repositionner \u00e0 l\u2019endroit de votre choix.<\/li>\n<\/ul>\n<ul>\n<li><strong>Filtrage<\/strong>\n<p>Vous pouvez filtrer le contenu en fonction de diff\u00e9rents sujets susceptibles de vous int\u00e9resser ou du r\u00f4le que vous jouez dans la mission. Pour utiliser la fonction de filtrage, cliquez sur l\u2019ic\u00f4ne de filtrage dans le menu et choisissez simplement les filtres que vous souhaitez appliquer. Vous obtiendrez alors la liste de toutes les sections correspondant aux crit\u00e8res que vous avez s\u00e9lectionn\u00e9s.<\/li>\n<li><strong>Recherche<\/strong>\n<p>Vous pouvez rechercher des informations dans l\u2019outil. Il vous suffit de saisir les termes de votre recherche dans la barre de recherche situ\u00e9e dans le coin sup\u00e9rieur droit. Vous obtiendrez alors la liste de toutes les sections pertinentes. Vous pouvez ensuite appliquer des filtres aux r\u00e9sultats de la recherche pour affiner vos conclusions.<\/li>\n<li><strong>Favoris<\/strong>\n<p>Si une section qui vous int\u00e9resse particuli\u00e8rement, vous pouvez l\u2019ajouter \u00e0 vos favoris afin de pouvoir y acc\u00e9der facilement ult\u00e9rieurement. Une ic\u00f4ne de favori figure \u00e0 c\u00f4t\u00e9 de toutes les sections. Cliquez sur l\u2019ic\u00f4ne pour l\u2019ajouter \u00e0 vos favoris et cliquez \u00e0 nouveau pour la supprimer.\u00a0Vous pouvez toujours acc\u00e9der \u00e0 tous vos favoris sous \u00ab Favoris \u00bb dans le menu sup\u00e9rieur.<\/li>\n<li><strong>En ligne\/hors ligne<\/strong>\n<p>L\u2019outil est disponible en ligne et hors ligne. Pour utiliser l\u2019outil hors ligne, vous devez avoir acc\u00e9d\u00e9 au site et parcouru toutes les pages une fois en \u00e9tant connect\u00e9 sur internet.<\/li>\n<li><strong>T\u00e9l\u00e9chargement<\/strong>\n<p>Le chapitre des consid\u00e9rations sur lequel la section a \u00e9t\u00e9 construite peut \u00eatre t\u00e9l\u00e9charg\u00e9 dans l\u2019outil. Il suffit de cliquer sur t\u00e9l\u00e9charger et d\u2019enregistrer le fichier.<\/li>\n<li><strong>Aller \u00e0\n<p><\/strong>Chaque section dispose d\u2019un menu Aller \u00e0 sur la gauche. Utilisez-le pour passer facilement d\u2019un module \u00e0 l\u2019autre dans la section.<\/li>\n<\/ul>\n<p>&nbsp;<\/p>\n","protected":false},"excerpt":{"rendered":"<p>Structure de l\u2019outil Il est dangereux de st\u00e9r\u00e9otyper les missions de maintien de paix des Nations Unies et leurs probl\u00e8mes. Par cons\u00e9quent, toute orientation conceptuelle ne doit pas \u00eatre une liste de choses obligatoires qui doivent \u00eatre faites, mais plut\u00f4t une discussion utile, sous des rubriques g\u00e9n\u00e9riques, des choses que l\u2019\u00e9quipe de surveillance de la &hellip; <a href=\"https:\/\/missionleadership.challengesforum.org\/fr\/a-propos-des-considerations\/userguide\/\">A continu\u00e9<\/a><\/p>\n","protected":false},"author":1,"featured_media":0,"parent":2085,"menu_order":1,"comment_status":"closed","ping_status":"closed","template":"views\/template-about.blade.php","meta":{"_acf_changed":false,"footnotes":""},"class_list":["post-2062","page","type-page","status-publish","hentry"],"acf":[],"yoast_head":"<!-- This site is optimized with the Yoast SEO plugin v27.1.1 - https:\/\/yoast.com\/product\/yoast-seo-wordpress\/ -->\n<title>Guide d\u2019utilisation - Mission Leadership<\/title>\n<meta name=\"robots\" content=\"index, follow, max-snippet:-1, max-image-preview:large, max-video-preview:-1\" \/>\n<link rel=\"canonical\" href=\"https:\/\/missionleadership.challengesforum.org\/fr\/a-propos-des-considerations\/userguide\/\" \/>\n<meta property=\"og:locale\" content=\"fr_FR\" \/>\n<meta property=\"og:type\" content=\"article\" \/>\n<meta property=\"og:title\" content=\"Guide d\u2019utilisation - Mission Leadership\" \/>\n<meta property=\"og:description\" content=\"Structure de l\u2019outil Il est dangereux de st\u00e9r\u00e9otyper les missions de maintien de paix des Nations Unies et leurs probl\u00e8mes. Par cons\u00e9quent, toute orientation conceptuelle ne doit pas \u00eatre une liste de choses obligatoires qui doivent \u00eatre faites, mais plut\u00f4t une discussion utile, sous des rubriques g\u00e9n\u00e9riques, des choses que l\u2019\u00e9quipe de surveillance de la &hellip; A continu\u00e9\" \/>\n<meta property=\"og:url\" content=\"https:\/\/missionleadership.challengesforum.org\/fr\/a-propos-des-considerations\/userguide\/\" \/>\n<meta property=\"og:site_name\" content=\"Mission Leadership\" \/>\n<meta property=\"article:modified_time\" content=\"2024-04-23T12:39:15+00:00\" \/>\n<meta name=\"twitter:card\" content=\"summary_large_image\" \/>\n<meta name=\"twitter:label1\" content=\"Est. reading time\" \/>\n\t<meta name=\"twitter:data1\" content=\"1 minute\" \/>\n<script type=\"application\/ld+json\" class=\"yoast-schema-graph\">{\"@context\":\"https:\/\/schema.org\",\"@graph\":[{\"@type\":\"WebPage\",\"@id\":\"https:\/\/missionleadership.challengesforum.org\/fr\/a-propos-des-considerations\/userguide\/\",\"url\":\"https:\/\/missionleadership.challengesforum.org\/fr\/a-propos-des-considerations\/userguide\/\",\"name\":\"Guide d\u2019utilisation - Mission Leadership\",\"isPartOf\":{\"@id\":\"https:\/\/missionleadership.challengesforum.org\/fr\/#website\"},\"datePublished\":\"2024-04-17T12:12:02+00:00\",\"dateModified\":\"2024-04-23T12:39:15+00:00\",\"breadcrumb\":{\"@id\":\"https:\/\/missionleadership.challengesforum.org\/fr\/a-propos-des-considerations\/userguide\/#breadcrumb\"},\"inLanguage\":\"fr-FR\",\"potentialAction\":[{\"@type\":\"ReadAction\",\"target\":[\"https:\/\/missionleadership.challengesforum.org\/fr\/a-propos-des-considerations\/userguide\/\"]}]},{\"@type\":\"BreadcrumbList\",\"@id\":\"https:\/\/missionleadership.challengesforum.org\/fr\/a-propos-des-considerations\/userguide\/#breadcrumb\",\"itemListElement\":[{\"@type\":\"ListItem\",\"position\":1,\"name\":\"Home\",\"item\":\"https:\/\/missionleadership.challengesforum.org\/fr\/\"},{\"@type\":\"ListItem\",\"position\":2,\"name\":\"\u00c0 propos des consid\u00e9rations\",\"item\":\"https:\/\/missionleadership.challengesforum.org\/fr\/a-propos-des-considerations\/\"},{\"@type\":\"ListItem\",\"position\":3,\"name\":\"Guide d\u2019utilisation\"}]},{\"@type\":\"WebSite\",\"@id\":\"https:\/\/missionleadership.challengesforum.org\/fr\/#website\",\"url\":\"https:\/\/missionleadership.challengesforum.org\/fr\/\",\"name\":\"Mission Leadership\",\"description\":\"\",\"potentialAction\":[{\"@type\":\"SearchAction\",\"target\":{\"@type\":\"EntryPoint\",\"urlTemplate\":\"https:\/\/missionleadership.challengesforum.org\/fr\/?s={search_term_string}\"},\"query-input\":{\"@type\":\"PropertyValueSpecification\",\"valueRequired\":true,\"valueName\":\"search_term_string\"}}],\"inLanguage\":\"fr-FR\"}]}<\/script>\n<!-- \/ Yoast SEO plugin. -->","yoast_head_json":{"title":"Guide d\u2019utilisation - Mission Leadership","robots":{"index":"index","follow":"follow","max-snippet":"max-snippet:-1","max-image-preview":"max-image-preview:large","max-video-preview":"max-video-preview:-1"},"canonical":"https:\/\/missionleadership.challengesforum.org\/fr\/a-propos-des-considerations\/userguide\/","og_locale":"fr_FR","og_type":"article","og_title":"Guide d\u2019utilisation - Mission Leadership","og_description":"Structure de l\u2019outil Il est dangereux de st\u00e9r\u00e9otyper les missions de maintien de paix des Nations Unies et leurs probl\u00e8mes. Par cons\u00e9quent, toute orientation conceptuelle ne doit pas \u00eatre une liste de choses obligatoires qui doivent \u00eatre faites, mais plut\u00f4t une discussion utile, sous des rubriques g\u00e9n\u00e9riques, des choses que l\u2019\u00e9quipe de surveillance de la &hellip; A continu\u00e9","og_url":"https:\/\/missionleadership.challengesforum.org\/fr\/a-propos-des-considerations\/userguide\/","og_site_name":"Mission Leadership","article_modified_time":"2024-04-23T12:39:15+00:00","twitter_card":"summary_large_image","twitter_misc":{"Est. reading time":"1 minute"},"schema":{"@context":"https:\/\/schema.org","@graph":[{"@type":"WebPage","@id":"https:\/\/missionleadership.challengesforum.org\/fr\/a-propos-des-considerations\/userguide\/","url":"https:\/\/missionleadership.challengesforum.org\/fr\/a-propos-des-considerations\/userguide\/","name":"Guide d\u2019utilisation - Mission Leadership","isPartOf":{"@id":"https:\/\/missionleadership.challengesforum.org\/fr\/#website"},"datePublished":"2024-04-17T12:12:02+00:00","dateModified":"2024-04-23T12:39:15+00:00","breadcrumb":{"@id":"https:\/\/missionleadership.challengesforum.org\/fr\/a-propos-des-considerations\/userguide\/#breadcrumb"},"inLanguage":"fr-FR","potentialAction":[{"@type":"ReadAction","target":["https:\/\/missionleadership.challengesforum.org\/fr\/a-propos-des-considerations\/userguide\/"]}]},{"@type":"BreadcrumbList","@id":"https:\/\/missionleadership.challengesforum.org\/fr\/a-propos-des-considerations\/userguide\/#breadcrumb","itemListElement":[{"@type":"ListItem","position":1,"name":"Home","item":"https:\/\/missionleadership.challengesforum.org\/fr\/"},{"@type":"ListItem","position":2,"name":"\u00c0 propos des consid\u00e9rations","item":"https:\/\/missionleadership.challengesforum.org\/fr\/a-propos-des-considerations\/"},{"@type":"ListItem","position":3,"name":"Guide d\u2019utilisation"}]},{"@type":"WebSite","@id":"https:\/\/missionleadership.challengesforum.org\/fr\/#website","url":"https:\/\/missionleadership.challengesforum.org\/fr\/","name":"Mission Leadership","description":"","potentialAction":[{"@type":"SearchAction","target":{"@type":"EntryPoint","urlTemplate":"https:\/\/missionleadership.challengesforum.org\/fr\/?s={search_term_string}"},"query-input":{"@type":"PropertyValueSpecification","valueRequired":true,"valueName":"search_term_string"}}],"inLanguage":"fr-FR"}]}},"_links":{"self":[{"href":"https:\/\/missionleadership.challengesforum.org\/fr\/wp-json\/wp\/v2\/pages\/2062","targetHints":{"allow":["GET"]}}],"collection":[{"href":"https:\/\/missionleadership.challengesforum.org\/fr\/wp-json\/wp\/v2\/pages"}],"about":[{"href":"https:\/\/missionleadership.challengesforum.org\/fr\/wp-json\/wp\/v2\/types\/page"}],"author":[{"embeddable":true,"href":"https:\/\/missionleadership.challengesforum.org\/fr\/wp-json\/wp\/v2\/users\/1"}],"replies":[{"embeddable":true,"href":"https:\/\/missionleadership.challengesforum.org\/fr\/wp-json\/wp\/v2\/comments?post=2062"}],"version-history":[{"count":0,"href":"https:\/\/missionleadership.challengesforum.org\/fr\/wp-json\/wp\/v2\/pages\/2062\/revisions"}],"up":[{"embeddable":true,"href":"https:\/\/missionleadership.challengesforum.org\/fr\/wp-json\/wp\/v2\/pages\/2085"}],"wp:attachment":[{"href":"https:\/\/missionleadership.challengesforum.org\/fr\/wp-json\/wp\/v2\/media?parent=2062"}],"curies":[{"name":"wp","href":"https:\/\/api.w.org\/{rel}","templated":true}]}}