{"id":2085,"date":"2024-04-19T12:13:02","date_gmt":"2024-04-19T12:13:02","guid":{"rendered":"https:\/\/missionleadership.challengesforum.org\/a-propos-des-considerations\/"},"modified":"2024-04-19T12:16:15","modified_gmt":"2024-04-19T12:16:15","slug":"a-propos-des-considerations","status":"publish","type":"page","link":"https:\/\/missionleadership.challengesforum.org\/fr\/a-propos-des-considerations\/","title":{"rendered":"\u00c0 propos des consid\u00e9rations"},"content":{"rendered":"<p><strong>L\u2019outil Considerations for Mission Leadership in United Nations Peace Operations est une \u00e9tude sur la pratique de la direction de mission et cherche \u00e0 contribuer \u00e0 une meilleure compr\u00e9hension des questions auxquelles sont confront\u00e9s la direction et l\u2019encadrement des missions. Elle met en \u00e9vidence les principes potentiellement concurrents qui d\u00e9coulent des nombreuses polarit\u00e9s qui existent dans les environnements complexes de maintien de la paix d\u2019aujourd\u2019hui. Cet outil a \u00e9t\u00e9 d\u00e9velopp\u00e9 en compl\u00e9ment des Considerations. <\/strong><\/p>\n<p>La premi\u00e8re \u00e9dition de Considerations for Mission Leadership in United Nations Peacekeeping Operations a \u00e9t\u00e9 publi\u00e9e en 2010 et depuis lors, le paysage des op\u00e9rations de paix a \u00e9volu\u00e9 de mani\u00e8re spectaculaire.\u202fDans ce contexte, les partenaires du Forum Challenges ont convenu qu\u2019une \u00e9dition r\u00e9vis\u00e9e des Consid\u00e9rations \u00e9tait \u00e0 la fois opportune et n\u00e9cessaire. L\u2019objectif de cette deuxi\u00e8me \u00e9dition est de contribuer \u00e0 la r\u00e9flexion conceptuelle et \u00e0 une meilleure compr\u00e9hension des fonctions essentielles des op\u00e9rations de paix multidimensionnelles. Elle tente de faire le lien entre les approches strat\u00e9giques et tactiques en se concentrant sur le niveau op\u00e9rationnel, o\u00f9 toutes les lignes d\u2019activit\u00e9 complexes menant au succ\u00e8s doivent \u00eatre reli\u00e9es et int\u00e9gr\u00e9es dans un plan de mission. Considerations sert de guide de r\u00e9f\u00e9rence pour les nouveaux praticiens en ce qui concerne les principes et les concepts qui sous-tendent les fonctions essentielles, ainsi que sur les d\u00e9fis des op\u00e9rations de paix. <\/p>\n<p>Le Forum Challenges a d\u00e9velopp\u00e9 cet outil num\u00e9rique de leadership de mission pour compl\u00e9ter l\u2019\u00e9tude Considerations. Il servira de mat\u00e9riel compl\u00e9mentaire dans les programmes de formation au maintien de la paix et soutiendra les praticiens sur le terrain. L\u2019outil num\u00e9rique est optimis\u00e9e pour plusieurs appareils et peut \u00eatre utilis\u00e9 dans des contextes o\u00f9 la connectivit\u00e9 est faible ou inexistante. L\u2019outil num\u00e9rique se veut intuitif et convivial, avec une forte orientation p\u00e9dagogique. Il contient des activit\u00e9s d\u2019apprentissage interactives en ligne, y compris l\u2019utilisation de m\u00e9dias vid\u00e9o\/audio et de fonctions interactives.\u202fLe nouvel outil num\u00e9rique Leadership de la mission du Forum Challenges facilite l\u2019acc\u00e8s et la recherche (et l\u2019affectation) d\u2019informations par divers moyens. <\/p>\n<p>La bo\u00eete \u00e0 outils Leadership de la mission du Forum Challenges est un v\u00e9ritable et impressionnant travail d\u2019\u00e9quipe international, d\u00e9velopp\u00e9 par les partenaires du Forum Challenges et en consultation avec le D\u00e9partement des op\u00e9rations de paix (DPO) et le D\u00e9partement des affaires politiques et de la consolidation de la paix (DPPA) de l\u2019ONU. <\/p>\n<p>&nbsp;<\/p>\n<figure id=\"attachment_1944\" aria-describedby=\"caption-attachment-1944\" style=\"width: 530px\" class=\"wp-caption aligncenter\"><img loading=\"lazy\" decoding=\"async\" class=\"img-fluid wp-image-1943 size-full\" src=\"https:\/\/fbaprodcontent.blob.core.windows.net\/missionleadership-prod\/2022\/05\/event-picture.png\" alt=\"\" width=\"530\" height=\"422\" srcset=\"https:\/\/fbaprodcontent.blob.core.windows.net\/missionleadership-prod\/2022\/05\/event-picture.png 530w, https:\/\/fbaprodcontent.blob.core.windows.net\/missionleadership-prod\/2022\/05\/event-picture-300x239.png 300w\" sizes=\"auto, (max-width: 530px) 100vw, 530px\" \/><figcaption id=\"caption-attachment-1944\" class=\"wp-caption-text\">Extrait d\u2019un atelier organis\u00e9 par le partenaire sud-africain de Challenges Forum, l\u2019Institute of Security Studies (ISS), \u00e0 l\u2019intention des copr\u00e9sidents des groupes de travail pour la bo\u00eete \u00e0 outils sur le leadership, \u00e0 Pretoria, les 6 et 7 mars 2019.<\/figcaption><\/figure>\n<p>&nbsp;<\/p>\n","protected":false},"excerpt":{"rendered":"<p>Et quam temporibus saepe eum similique voluptas blanditiis voluptas in temporibus aperiam ea nisi asperiores quam omnis quibusdam reiciendis dolorum et omnis harum magni est impedit earum quis sapiente sit doloremque accusantium ratione ut possimus dolorum veniam alias asperiores qui earum eveniet enim libero beatae rerum quibusdam pariatur enim sint laborum quia nihil et placeat perferendis odio quis et eligendi magnam pariatur officiis sequi.<\/p>\n<p>Delectus occaecati molestiae adipisci est quia voluptates est atque eum veniam fugiat ullam cum non voluptate ea veritatis quis et dolores aspernatur sint sit est inventore quia sunt totam nobis impedit eos rerum et officiis sed modi repudiandae et sapiente quas blanditiis quasi reprehenderit ad nam debitis saepe deserunt explicabo est unde modi et.<\/p>\n","protected":false},"author":1,"featured_media":601,"parent":0,"menu_order":0,"comment_status":"closed","ping_status":"closed","template":"views\/template-about.blade.php","meta":{"_acf_changed":false,"footnotes":""},"class_list":["post-2085","page","type-page","status-publish","has-post-thumbnail","hentry"],"acf":[],"yoast_head":"<!-- This site is optimized with the Yoast SEO plugin v27.1.1 - https:\/\/yoast.com\/product\/yoast-seo-wordpress\/ -->\n<title>\u00c0 propos des consid\u00e9rations - Mission Leadership<\/title>\n<meta name=\"robots\" content=\"index, follow, max-snippet:-1, max-image-preview:large, max-video-preview:-1\" \/>\n<link rel=\"canonical\" href=\"https:\/\/missionleadership.challengesforum.org\/fr\/a-propos-des-considerations\/\" \/>\n<meta property=\"og:locale\" content=\"fr_FR\" \/>\n<meta property=\"og:type\" content=\"article\" \/>\n<meta property=\"og:title\" content=\"\u00c0 propos des consid\u00e9rations - Mission Leadership\" \/>\n<meta property=\"og:description\" content=\"Et quam temporibus saepe eum similique voluptas blanditiis voluptas in temporibus aperiam ea nisi asperiores quam omnis quibusdam reiciendis dolorum et omnis harum magni est impedit earum quis sapiente sit doloremque accusantium ratione ut possimus dolorum veniam alias asperiores qui earum eveniet enim libero beatae rerum quibusdam pariatur enim sint laborum quia nihil et placeat perferendis odio quis et eligendi magnam pariatur officiis sequi.  Delectus occaecati molestiae adipisci est quia voluptates est atque eum veniam fugiat ullam cum non voluptate ea veritatis quis et dolores aspernatur sint sit est inventore quia sunt totam nobis impedit eos rerum et officiis sed modi repudiandae et sapiente quas blanditiis quasi reprehenderit ad nam debitis saepe deserunt explicabo est unde modi et.\" \/>\n<meta property=\"og:url\" content=\"https:\/\/missionleadership.challengesforum.org\/fr\/a-propos-des-considerations\/\" \/>\n<meta property=\"og:site_name\" content=\"Mission Leadership\" \/>\n<meta property=\"article:modified_time\" content=\"2024-04-19T12:16:15+00:00\" \/>\n<meta property=\"og:image\" content=\"https:\/\/fbaprodcontent.blob.core.windows.net\/missionleadership-prod\/2021\/09\/eaa562fe-39e3-3caa-b2b8-e3cb6f31a067.jpg\" \/>\n\t<meta property=\"og:image:width\" content=\"1333\" \/>\n\t<meta property=\"og:image:height\" content=\"888\" \/>\n\t<meta property=\"og:image:type\" content=\"image\/jpeg\" \/>\n<meta name=\"twitter:card\" content=\"summary_large_image\" \/>\n<meta name=\"twitter:label1\" content=\"Est. reading time\" \/>\n\t<meta name=\"twitter:data1\" content=\"2 minutes\" \/>\n<script type=\"application\/ld+json\" class=\"yoast-schema-graph\">{\"@context\":\"https:\/\/schema.org\",\"@graph\":[{\"@type\":\"WebPage\",\"@id\":\"https:\/\/missionleadership.challengesforum.org\/fr\/a-propos-des-considerations\/\",\"url\":\"https:\/\/missionleadership.challengesforum.org\/fr\/a-propos-des-considerations\/\",\"name\":\"\u00c0 propos des consid\u00e9rations - Mission Leadership\",\"isPartOf\":{\"@id\":\"https:\/\/missionleadership.challengesforum.org\/fr\/#website\"},\"primaryImageOfPage\":{\"@id\":\"https:\/\/missionleadership.challengesforum.org\/fr\/a-propos-des-considerations\/#primaryimage\"},\"image\":{\"@id\":\"https:\/\/missionleadership.challengesforum.org\/fr\/a-propos-des-considerations\/#primaryimage\"},\"thumbnailUrl\":\"https:\/\/fbaprodcontent.blob.core.windows.net\/missionleadership-prod\/2021\/09\/eaa562fe-39e3-3caa-b2b8-e3cb6f31a067.jpg\",\"datePublished\":\"2024-04-19T12:13:02+00:00\",\"dateModified\":\"2024-04-19T12:16:15+00:00\",\"breadcrumb\":{\"@id\":\"https:\/\/missionleadership.challengesforum.org\/fr\/a-propos-des-considerations\/#breadcrumb\"},\"inLanguage\":\"fr-FR\",\"potentialAction\":[{\"@type\":\"ReadAction\",\"target\":[\"https:\/\/missionleadership.challengesforum.org\/fr\/a-propos-des-considerations\/\"]}]},{\"@type\":\"ImageObject\",\"inLanguage\":\"fr-FR\",\"@id\":\"https:\/\/missionleadership.challengesforum.org\/fr\/a-propos-des-considerations\/#primaryimage\",\"url\":\"https:\/\/fbaprodcontent.blob.core.windows.net\/missionleadership-prod\/2021\/09\/eaa562fe-39e3-3caa-b2b8-e3cb6f31a067.jpg\",\"contentUrl\":\"https:\/\/fbaprodcontent.blob.core.windows.net\/missionleadership-prod\/2021\/09\/eaa562fe-39e3-3caa-b2b8-e3cb6f31a067.jpg\",\"width\":1333,\"height\":888},{\"@type\":\"BreadcrumbList\",\"@id\":\"https:\/\/missionleadership.challengesforum.org\/fr\/a-propos-des-considerations\/#breadcrumb\",\"itemListElement\":[{\"@type\":\"ListItem\",\"position\":1,\"name\":\"Home\",\"item\":\"https:\/\/missionleadership.challengesforum.org\/fr\/\"},{\"@type\":\"ListItem\",\"position\":2,\"name\":\"\u00c0 propos des consid\u00e9rations\"}]},{\"@type\":\"WebSite\",\"@id\":\"https:\/\/missionleadership.challengesforum.org\/fr\/#website\",\"url\":\"https:\/\/missionleadership.challengesforum.org\/fr\/\",\"name\":\"Mission Leadership\",\"description\":\"\",\"potentialAction\":[{\"@type\":\"SearchAction\",\"target\":{\"@type\":\"EntryPoint\",\"urlTemplate\":\"https:\/\/missionleadership.challengesforum.org\/fr\/?s={search_term_string}\"},\"query-input\":{\"@type\":\"PropertyValueSpecification\",\"valueRequired\":true,\"valueName\":\"search_term_string\"}}],\"inLanguage\":\"fr-FR\"}]}<\/script>\n<!-- \/ Yoast SEO plugin. -->","yoast_head_json":{"title":"\u00c0 propos des consid\u00e9rations - Mission Leadership","robots":{"index":"index","follow":"follow","max-snippet":"max-snippet:-1","max-image-preview":"max-image-preview:large","max-video-preview":"max-video-preview:-1"},"canonical":"https:\/\/missionleadership.challengesforum.org\/fr\/a-propos-des-considerations\/","og_locale":"fr_FR","og_type":"article","og_title":"\u00c0 propos des consid\u00e9rations - Mission Leadership","og_description":"Et quam temporibus saepe eum similique voluptas blanditiis voluptas in temporibus aperiam ea nisi asperiores quam omnis quibusdam reiciendis dolorum et omnis harum magni est impedit earum quis sapiente sit doloremque accusantium ratione ut possimus dolorum veniam alias asperiores qui earum eveniet enim libero beatae rerum quibusdam pariatur enim sint laborum quia nihil et placeat perferendis odio quis et eligendi magnam pariatur officiis sequi.  Delectus occaecati molestiae adipisci est quia voluptates est atque eum veniam fugiat ullam cum non voluptate ea veritatis quis et dolores aspernatur sint sit est inventore quia sunt totam nobis impedit eos rerum et officiis sed modi repudiandae et sapiente quas blanditiis quasi reprehenderit ad nam debitis saepe deserunt explicabo est unde modi et.","og_url":"https:\/\/missionleadership.challengesforum.org\/fr\/a-propos-des-considerations\/","og_site_name":"Mission Leadership","article_modified_time":"2024-04-19T12:16:15+00:00","og_image":[{"width":1333,"height":888,"url":"https:\/\/fbaprodcontent.blob.core.windows.net\/missionleadership-prod\/2021\/09\/eaa562fe-39e3-3caa-b2b8-e3cb6f31a067.jpg","type":"image\/jpeg"}],"twitter_card":"summary_large_image","twitter_misc":{"Est. reading time":"2 minutes"},"schema":{"@context":"https:\/\/schema.org","@graph":[{"@type":"WebPage","@id":"https:\/\/missionleadership.challengesforum.org\/fr\/a-propos-des-considerations\/","url":"https:\/\/missionleadership.challengesforum.org\/fr\/a-propos-des-considerations\/","name":"\u00c0 propos des consid\u00e9rations - Mission Leadership","isPartOf":{"@id":"https:\/\/missionleadership.challengesforum.org\/fr\/#website"},"primaryImageOfPage":{"@id":"https:\/\/missionleadership.challengesforum.org\/fr\/a-propos-des-considerations\/#primaryimage"},"image":{"@id":"https:\/\/missionleadership.challengesforum.org\/fr\/a-propos-des-considerations\/#primaryimage"},"thumbnailUrl":"https:\/\/fbaprodcontent.blob.core.windows.net\/missionleadership-prod\/2021\/09\/eaa562fe-39e3-3caa-b2b8-e3cb6f31a067.jpg","datePublished":"2024-04-19T12:13:02+00:00","dateModified":"2024-04-19T12:16:15+00:00","breadcrumb":{"@id":"https:\/\/missionleadership.challengesforum.org\/fr\/a-propos-des-considerations\/#breadcrumb"},"inLanguage":"fr-FR","potentialAction":[{"@type":"ReadAction","target":["https:\/\/missionleadership.challengesforum.org\/fr\/a-propos-des-considerations\/"]}]},{"@type":"ImageObject","inLanguage":"fr-FR","@id":"https:\/\/missionleadership.challengesforum.org\/fr\/a-propos-des-considerations\/#primaryimage","url":"https:\/\/fbaprodcontent.blob.core.windows.net\/missionleadership-prod\/2021\/09\/eaa562fe-39e3-3caa-b2b8-e3cb6f31a067.jpg","contentUrl":"https:\/\/fbaprodcontent.blob.core.windows.net\/missionleadership-prod\/2021\/09\/eaa562fe-39e3-3caa-b2b8-e3cb6f31a067.jpg","width":1333,"height":888},{"@type":"BreadcrumbList","@id":"https:\/\/missionleadership.challengesforum.org\/fr\/a-propos-des-considerations\/#breadcrumb","itemListElement":[{"@type":"ListItem","position":1,"name":"Home","item":"https:\/\/missionleadership.challengesforum.org\/fr\/"},{"@type":"ListItem","position":2,"name":"\u00c0 propos des consid\u00e9rations"}]},{"@type":"WebSite","@id":"https:\/\/missionleadership.challengesforum.org\/fr\/#website","url":"https:\/\/missionleadership.challengesforum.org\/fr\/","name":"Mission Leadership","description":"","potentialAction":[{"@type":"SearchAction","target":{"@type":"EntryPoint","urlTemplate":"https:\/\/missionleadership.challengesforum.org\/fr\/?s={search_term_string}"},"query-input":{"@type":"PropertyValueSpecification","valueRequired":true,"valueName":"search_term_string"}}],"inLanguage":"fr-FR"}]}},"_links":{"self":[{"href":"https:\/\/missionleadership.challengesforum.org\/fr\/wp-json\/wp\/v2\/pages\/2085","targetHints":{"allow":["GET"]}}],"collection":[{"href":"https:\/\/missionleadership.challengesforum.org\/fr\/wp-json\/wp\/v2\/pages"}],"about":[{"href":"https:\/\/missionleadership.challengesforum.org\/fr\/wp-json\/wp\/v2\/types\/page"}],"author":[{"embeddable":true,"href":"https:\/\/missionleadership.challengesforum.org\/fr\/wp-json\/wp\/v2\/users\/1"}],"replies":[{"embeddable":true,"href":"https:\/\/missionleadership.challengesforum.org\/fr\/wp-json\/wp\/v2\/comments?post=2085"}],"version-history":[{"count":0,"href":"https:\/\/missionleadership.challengesforum.org\/fr\/wp-json\/wp\/v2\/pages\/2085\/revisions"}],"wp:featuredmedia":[{"embeddable":true,"href":"https:\/\/missionleadership.challengesforum.org\/fr\/wp-json\/wp\/v2\/media\/601"}],"wp:attachment":[{"href":"https:\/\/missionleadership.challengesforum.org\/fr\/wp-json\/wp\/v2\/media?parent=2085"}],"curies":[{"name":"wp","href":"https:\/\/api.w.org\/{rel}","templated":true}]}}