{"id":2089,"date":"2024-04-19T12:38:26","date_gmt":"2024-04-19T12:38:26","guid":{"rendered":"https:\/\/missionleadership.challengesforum.org\/a-propos-des-considerations\/partenariat-du-forum-challenges\/"},"modified":"2024-04-19T12:38:26","modified_gmt":"2024-04-19T12:38:26","slug":"partenariat-du-forum-challenges","status":"publish","type":"page","link":"https:\/\/missionleadership.challengesforum.org\/fr\/a-propos-des-considerations\/partenariat-du-forum-challenges\/","title":{"rendered":"Partenariat du Forum Challenges"},"content":{"rendered":"<p><strong>Le Forum Challenges est un partenariat compos\u00e9 de partenaires du monde entier poss\u00e9dant l\u2019expertise n\u00e9cessaire pour faire la diff\u00e9rence. <\/strong><\/p>\n<p>Le Forum Challenges est un partenariat mondial d\u2019environ 50 organisations et d\u00e9partements d\u2019op\u00e9rations de paix dans 24 pays, repr\u00e9sentant des agences gouvernementales, des centres de formation au maintien de la paix, des groupes de r\u00e9flexion et des institutions de recherche du monde entier. Nous offrons un espace de dialogue impartial et informel qui permet de s\u2019\u00e9loigner des positions nationales. <\/p>\n<p>Les membres proviennent des principaux pays contributeurs de troupes, de police et de fonds, et comprennent les cinq membres permanents du Conseil de s\u00e9curit\u00e9 des Nations unies. Par ailleurs, le partenariat se compose d\u2019organisations qui correspondent \u00e0 des \u00e9l\u00e9ments cl\u00e9s des missions politiques et de maintien de la paix multidimensionnelles. Le partenariat refl\u00e8te ainsi le large spectre des op\u00e9rations de paix, ce qui fait du Forum Challenges un acteur important dans les efforts mondiaux de d\u00e9veloppement des op\u00e9rations de paix. <\/p>\n<p>Les partenaires repr\u00e9sentent une expertise collective sur des sujets tels que le leadership, les relations internationales, les affaires politiques, la r\u00e9forme de la s\u00e9curit\u00e9 et de la justice, le d\u00e9veloppement, la r\u00e9solution des conflits, l\u2019\u00e9laboration de concepts et de doctrines, ainsi que les op\u00e9rations militaires et le maintien de l\u2019ordre. <\/p>\n<p><img loading=\"lazy\" decoding=\"async\" class=\"wp-image-1846 img-fluid aligncenter\" src=\"https:\/\/fbaprodcontent.blob.core.windows.net\/missionleadership-prod\/2022\/05\/Skarmavbild-2022-05-20-kl.-15.23.13.png\" alt=\"\" width=\"819\" height=\"738\" srcset=\"https:\/\/fbaprodcontent.blob.core.windows.net\/missionleadership-prod\/2022\/05\/Skarmavbild-2022-05-20-kl.-15.23.13.png 1224w, https:\/\/fbaprodcontent.blob.core.windows.net\/missionleadership-prod\/2022\/05\/Skarmavbild-2022-05-20-kl.-15.23.13-300x270.png 300w, https:\/\/fbaprodcontent.blob.core.windows.net\/missionleadership-prod\/2022\/05\/Skarmavbild-2022-05-20-kl.-15.23.13-1024x922.png 1024w, https:\/\/fbaprodcontent.blob.core.windows.net\/missionleadership-prod\/2022\/05\/Skarmavbild-2022-05-20-kl.-15.23.13-768x691.png 768w\" sizes=\"auto, (max-width: 819px) 100vw, 819px\" \/><\/p>\n<p>&nbsp;<\/p>\n","protected":false},"excerpt":{"rendered":"<p>Delectus ea ducimus eos rerum est nam minima reprehenderit culpa dolorem molestiae ut explicabo occaecati magni nisi architecto veniam assumenda est alias et sequi atque eum provident qui et in sit in voluptatem id placeat illum voluptas molestiae.<\/p>\n","protected":false},"author":1,"featured_media":605,"parent":2085,"menu_order":3,"comment_status":"closed","ping_status":"closed","template":"views\/template-about.blade.php","meta":{"_acf_changed":false,"footnotes":""},"class_list":["post-2089","page","type-page","status-publish","has-post-thumbnail","hentry"],"acf":[],"yoast_head":"<!-- This site is optimized with the Yoast SEO plugin v27.1.1 - https:\/\/yoast.com\/product\/yoast-seo-wordpress\/ -->\n<title>Partenariat du Forum Challenges - Mission Leadership<\/title>\n<meta name=\"robots\" content=\"index, follow, max-snippet:-1, max-image-preview:large, max-video-preview:-1\" \/>\n<link rel=\"canonical\" href=\"https:\/\/missionleadership.challengesforum.org\/fr\/a-propos-des-considerations\/partenariat-du-forum-challenges\/\" \/>\n<meta property=\"og:locale\" content=\"fr_FR\" \/>\n<meta property=\"og:type\" content=\"article\" \/>\n<meta property=\"og:title\" content=\"Partenariat du Forum Challenges - Mission Leadership\" \/>\n<meta property=\"og:description\" content=\"Delectus ea ducimus eos rerum est nam minima reprehenderit culpa dolorem molestiae ut explicabo occaecati magni nisi architecto veniam assumenda est alias et sequi atque eum provident qui et in sit in voluptatem id placeat illum voluptas molestiae.\" \/>\n<meta property=\"og:url\" content=\"https:\/\/missionleadership.challengesforum.org\/fr\/a-propos-des-considerations\/partenariat-du-forum-challenges\/\" \/>\n<meta property=\"og:site_name\" content=\"Mission Leadership\" \/>\n<meta property=\"og:image\" content=\"https:\/\/fbaprodcontent.blob.core.windows.net\/missionleadership-prod\/2021\/09\/9d84e40c-b084-3ab7-a227-a3ebc23ccc0d.jpg\" \/>\n\t<meta property=\"og:image:width\" content=\"1262\" \/>\n\t<meta property=\"og:image:height\" content=\"841\" \/>\n\t<meta property=\"og:image:type\" content=\"image\/jpeg\" \/>\n<meta name=\"twitter:card\" content=\"summary_large_image\" \/>\n<meta name=\"twitter:label1\" content=\"Est. reading time\" \/>\n\t<meta name=\"twitter:data1\" content=\"1 minute\" \/>\n<script type=\"application\/ld+json\" class=\"yoast-schema-graph\">{\"@context\":\"https:\/\/schema.org\",\"@graph\":[{\"@type\":\"WebPage\",\"@id\":\"https:\/\/missionleadership.challengesforum.org\/fr\/a-propos-des-considerations\/partenariat-du-forum-challenges\/\",\"url\":\"https:\/\/missionleadership.challengesforum.org\/fr\/a-propos-des-considerations\/partenariat-du-forum-challenges\/\",\"name\":\"Partenariat du Forum Challenges - Mission Leadership\",\"isPartOf\":{\"@id\":\"https:\/\/missionleadership.challengesforum.org\/fr\/#website\"},\"primaryImageOfPage\":{\"@id\":\"https:\/\/missionleadership.challengesforum.org\/fr\/a-propos-des-considerations\/partenariat-du-forum-challenges\/#primaryimage\"},\"image\":{\"@id\":\"https:\/\/missionleadership.challengesforum.org\/fr\/a-propos-des-considerations\/partenariat-du-forum-challenges\/#primaryimage\"},\"thumbnailUrl\":\"https:\/\/fbaprodcontent.blob.core.windows.net\/missionleadership-prod\/2021\/09\/9d84e40c-b084-3ab7-a227-a3ebc23ccc0d.jpg\",\"datePublished\":\"2024-04-19T12:38:26+00:00\",\"breadcrumb\":{\"@id\":\"https:\/\/missionleadership.challengesforum.org\/fr\/a-propos-des-considerations\/partenariat-du-forum-challenges\/#breadcrumb\"},\"inLanguage\":\"fr-FR\",\"potentialAction\":[{\"@type\":\"ReadAction\",\"target\":[\"https:\/\/missionleadership.challengesforum.org\/fr\/a-propos-des-considerations\/partenariat-du-forum-challenges\/\"]}]},{\"@type\":\"ImageObject\",\"inLanguage\":\"fr-FR\",\"@id\":\"https:\/\/missionleadership.challengesforum.org\/fr\/a-propos-des-considerations\/partenariat-du-forum-challenges\/#primaryimage\",\"url\":\"https:\/\/fbaprodcontent.blob.core.windows.net\/missionleadership-prod\/2021\/09\/9d84e40c-b084-3ab7-a227-a3ebc23ccc0d.jpg\",\"contentUrl\":\"https:\/\/fbaprodcontent.blob.core.windows.net\/missionleadership-prod\/2021\/09\/9d84e40c-b084-3ab7-a227-a3ebc23ccc0d.jpg\",\"width\":1262,\"height\":841},{\"@type\":\"BreadcrumbList\",\"@id\":\"https:\/\/missionleadership.challengesforum.org\/fr\/a-propos-des-considerations\/partenariat-du-forum-challenges\/#breadcrumb\",\"itemListElement\":[{\"@type\":\"ListItem\",\"position\":1,\"name\":\"Home\",\"item\":\"https:\/\/missionleadership.challengesforum.org\/fr\/\"},{\"@type\":\"ListItem\",\"position\":2,\"name\":\"\u00c0 propos des consid\u00e9rations\",\"item\":\"https:\/\/missionleadership.challengesforum.org\/fr\/a-propos-des-considerations\/\"},{\"@type\":\"ListItem\",\"position\":3,\"name\":\"Partenariat du Forum Challenges\"}]},{\"@type\":\"WebSite\",\"@id\":\"https:\/\/missionleadership.challengesforum.org\/fr\/#website\",\"url\":\"https:\/\/missionleadership.challengesforum.org\/fr\/\",\"name\":\"Mission Leadership\",\"description\":\"\",\"potentialAction\":[{\"@type\":\"SearchAction\",\"target\":{\"@type\":\"EntryPoint\",\"urlTemplate\":\"https:\/\/missionleadership.challengesforum.org\/fr\/?s={search_term_string}\"},\"query-input\":{\"@type\":\"PropertyValueSpecification\",\"valueRequired\":true,\"valueName\":\"search_term_string\"}}],\"inLanguage\":\"fr-FR\"}]}<\/script>\n<!-- \/ Yoast SEO plugin. -->","yoast_head_json":{"title":"Partenariat du Forum Challenges - Mission Leadership","robots":{"index":"index","follow":"follow","max-snippet":"max-snippet:-1","max-image-preview":"max-image-preview:large","max-video-preview":"max-video-preview:-1"},"canonical":"https:\/\/missionleadership.challengesforum.org\/fr\/a-propos-des-considerations\/partenariat-du-forum-challenges\/","og_locale":"fr_FR","og_type":"article","og_title":"Partenariat du Forum Challenges - Mission Leadership","og_description":"Delectus ea ducimus eos rerum est nam minima reprehenderit culpa dolorem molestiae ut explicabo occaecati magni nisi architecto veniam assumenda est alias et sequi atque eum provident qui et in sit in voluptatem id placeat illum voluptas molestiae.","og_url":"https:\/\/missionleadership.challengesforum.org\/fr\/a-propos-des-considerations\/partenariat-du-forum-challenges\/","og_site_name":"Mission Leadership","og_image":[{"width":1262,"height":841,"url":"https:\/\/fbaprodcontent.blob.core.windows.net\/missionleadership-prod\/2021\/09\/9d84e40c-b084-3ab7-a227-a3ebc23ccc0d.jpg","type":"image\/jpeg"}],"twitter_card":"summary_large_image","twitter_misc":{"Est. reading time":"1 minute"},"schema":{"@context":"https:\/\/schema.org","@graph":[{"@type":"WebPage","@id":"https:\/\/missionleadership.challengesforum.org\/fr\/a-propos-des-considerations\/partenariat-du-forum-challenges\/","url":"https:\/\/missionleadership.challengesforum.org\/fr\/a-propos-des-considerations\/partenariat-du-forum-challenges\/","name":"Partenariat du Forum Challenges - Mission Leadership","isPartOf":{"@id":"https:\/\/missionleadership.challengesforum.org\/fr\/#website"},"primaryImageOfPage":{"@id":"https:\/\/missionleadership.challengesforum.org\/fr\/a-propos-des-considerations\/partenariat-du-forum-challenges\/#primaryimage"},"image":{"@id":"https:\/\/missionleadership.challengesforum.org\/fr\/a-propos-des-considerations\/partenariat-du-forum-challenges\/#primaryimage"},"thumbnailUrl":"https:\/\/fbaprodcontent.blob.core.windows.net\/missionleadership-prod\/2021\/09\/9d84e40c-b084-3ab7-a227-a3ebc23ccc0d.jpg","datePublished":"2024-04-19T12:38:26+00:00","breadcrumb":{"@id":"https:\/\/missionleadership.challengesforum.org\/fr\/a-propos-des-considerations\/partenariat-du-forum-challenges\/#breadcrumb"},"inLanguage":"fr-FR","potentialAction":[{"@type":"ReadAction","target":["https:\/\/missionleadership.challengesforum.org\/fr\/a-propos-des-considerations\/partenariat-du-forum-challenges\/"]}]},{"@type":"ImageObject","inLanguage":"fr-FR","@id":"https:\/\/missionleadership.challengesforum.org\/fr\/a-propos-des-considerations\/partenariat-du-forum-challenges\/#primaryimage","url":"https:\/\/fbaprodcontent.blob.core.windows.net\/missionleadership-prod\/2021\/09\/9d84e40c-b084-3ab7-a227-a3ebc23ccc0d.jpg","contentUrl":"https:\/\/fbaprodcontent.blob.core.windows.net\/missionleadership-prod\/2021\/09\/9d84e40c-b084-3ab7-a227-a3ebc23ccc0d.jpg","width":1262,"height":841},{"@type":"BreadcrumbList","@id":"https:\/\/missionleadership.challengesforum.org\/fr\/a-propos-des-considerations\/partenariat-du-forum-challenges\/#breadcrumb","itemListElement":[{"@type":"ListItem","position":1,"name":"Home","item":"https:\/\/missionleadership.challengesforum.org\/fr\/"},{"@type":"ListItem","position":2,"name":"\u00c0 propos des consid\u00e9rations","item":"https:\/\/missionleadership.challengesforum.org\/fr\/a-propos-des-considerations\/"},{"@type":"ListItem","position":3,"name":"Partenariat du Forum Challenges"}]},{"@type":"WebSite","@id":"https:\/\/missionleadership.challengesforum.org\/fr\/#website","url":"https:\/\/missionleadership.challengesforum.org\/fr\/","name":"Mission Leadership","description":"","potentialAction":[{"@type":"SearchAction","target":{"@type":"EntryPoint","urlTemplate":"https:\/\/missionleadership.challengesforum.org\/fr\/?s={search_term_string}"},"query-input":{"@type":"PropertyValueSpecification","valueRequired":true,"valueName":"search_term_string"}}],"inLanguage":"fr-FR"}]}},"_links":{"self":[{"href":"https:\/\/missionleadership.challengesforum.org\/fr\/wp-json\/wp\/v2\/pages\/2089","targetHints":{"allow":["GET"]}}],"collection":[{"href":"https:\/\/missionleadership.challengesforum.org\/fr\/wp-json\/wp\/v2\/pages"}],"about":[{"href":"https:\/\/missionleadership.challengesforum.org\/fr\/wp-json\/wp\/v2\/types\/page"}],"author":[{"embeddable":true,"href":"https:\/\/missionleadership.challengesforum.org\/fr\/wp-json\/wp\/v2\/users\/1"}],"replies":[{"embeddable":true,"href":"https:\/\/missionleadership.challengesforum.org\/fr\/wp-json\/wp\/v2\/comments?post=2089"}],"version-history":[{"count":0,"href":"https:\/\/missionleadership.challengesforum.org\/fr\/wp-json\/wp\/v2\/pages\/2089\/revisions"}],"up":[{"embeddable":true,"href":"https:\/\/missionleadership.challengesforum.org\/fr\/wp-json\/wp\/v2\/pages\/2085"}],"wp:featuredmedia":[{"embeddable":true,"href":"https:\/\/missionleadership.challengesforum.org\/fr\/wp-json\/wp\/v2\/media\/605"}],"wp:attachment":[{"href":"https:\/\/missionleadership.challengesforum.org\/fr\/wp-json\/wp\/v2\/media?parent=2089"}],"curies":[{"name":"wp","href":"https:\/\/api.w.org\/{rel}","templated":true}]}}