{"id":2090,"date":"2024-04-19T12:39:53","date_gmt":"2024-04-19T12:39:53","guid":{"rendered":"https:\/\/missionleadership.challengesforum.org\/a-propos-des-considerations\/contact\/"},"modified":"2024-04-19T12:39:53","modified_gmt":"2024-04-19T12:39:53","slug":"contact","status":"publish","type":"page","link":"https:\/\/missionleadership.challengesforum.org\/fr\/a-propos-des-considerations\/contact\/","title":{"rendered":"Contact"},"content":{"rendered":"<p>Ce site est g\u00e9r\u00e9 et mis \u00e0 jour par le Secr\u00e9tariat International du Forum Challenges. Le Secr\u00e9tariat International du Forum Challenges (CFIS) est l\u2019organe ex\u00e9cutif du Forum Challenges et agit au nom de l\u2019ensemble du Partenariat du Forum Challenges. Depuis 2003, le CFIS est h\u00e9berg\u00e9 par l\u2019Acad\u00e9mie Folke Bernadotte, l\u2019Agence su\u00e9doise pour la paix et la s\u00e9curit\u00e9, situ\u00e9e \u00e0 Stockholm, en Su\u00e8de. <\/p>\n<p>Si vous avez des questions, des probl\u00e8mes ou des r\u00e9flexions concernant l\u2019outil num\u00e9rique, n\u2019h\u00e9sitez pas \u00e0 nous contacter. Nous vous invitons \u00e9galement \u00e0 nous contacter si vous souhaitez contribuer d\u2019une mani\u00e8re ou d\u2019une autre \u00e0 cet outil ou commander des copies imprim\u00e9es du manuel. <\/p>\n<p>Veuillez envoyer un courriel \u00e0 info@challengesforum.org pour prendre contact avec nous &#8211; nous sommes impatients de vous entendre ! <\/p>\n<div id=\"w6such\" class=\"card external-link-card border-0 shadow rounded my-3\"><div class=\"row p-3\"><div class=\"col-auto d-flex align-items-center\"><span class=\"email-icon p-0 ms-2 ms-sm-3\"><\/span><\/div>\n                <div class=\"col position-relative\">\n                    <div class=\"row\">\n                       <div class=\"col d-flex align-items-center\">\n                            <div>\n                                <h2 class=\"fw-bold text-truncate text-wrap font-primary mb-0\">\n                                    <a rel=\"noopener noreferrer\" class=\"btn-stretched-link stretched-link text-decoration-none text-dark\" href=\"mailto:info@challengesforum.org\" target=\"_blank\">Nous contacter!<\/a>\n                                <\/h2>\n                                <h3 class=\"fw-regular text-truncate text-wrap mb-0 font-primary\"><\/h3>\n                            <\/div>\n                        <\/div>\n                       <div class=\"col-auto d-flex align-items-center\">\n                            <span class=\"external-icon p-0 m-0\"><\/span>\n                       <\/div>\n                    <\/div>\n                <\/div>\n            <\/div><\/div>\n","protected":false},"excerpt":{"rendered":"<p>Ce site est g\u00e9r\u00e9 et mis \u00e0 jour par le Secr\u00e9tariat International du Forum Challenges. Le Secr\u00e9tariat International du Forum Challenges (CFIS) est l\u2019organe ex\u00e9cutif du Forum Challenges et agit au nom de l\u2019ensemble du Partenariat du Forum Challenges. Depuis 2003, le CFIS est h\u00e9berg\u00e9 par l\u2019Acad\u00e9mie Folke Bernadotte, l\u2019Agence su\u00e9doise pour la paix et &hellip; <a href=\"https:\/\/missionleadership.challengesforum.org\/fr\/a-propos-des-considerations\/contact\/\">A continu\u00e9<\/a><\/p>\n","protected":false},"author":1,"featured_media":606,"parent":2085,"menu_order":4,"comment_status":"open","ping_status":"closed","template":"views\/template-about.blade.php","meta":{"_acf_changed":false,"footnotes":""},"class_list":["post-2090","page","type-page","status-publish","has-post-thumbnail","hentry"],"acf":[],"yoast_head":"<!-- This site is optimized with the Yoast SEO plugin v27.1.1 - https:\/\/yoast.com\/product\/yoast-seo-wordpress\/ -->\n<title>Contact - Mission Leadership<\/title>\n<meta name=\"robots\" content=\"index, follow, max-snippet:-1, max-image-preview:large, max-video-preview:-1\" \/>\n<link rel=\"canonical\" href=\"https:\/\/missionleadership.challengesforum.org\/fr\/a-propos-des-considerations\/contact\/\" \/>\n<meta property=\"og:locale\" content=\"fr_FR\" \/>\n<meta property=\"og:type\" content=\"article\" \/>\n<meta property=\"og:title\" content=\"Contact - Mission Leadership\" \/>\n<meta property=\"og:description\" content=\"Ce site est g\u00e9r\u00e9 et mis \u00e0 jour par le Secr\u00e9tariat International du Forum Challenges. Le Secr\u00e9tariat International du Forum Challenges (CFIS) est l\u2019organe ex\u00e9cutif du Forum Challenges et agit au nom de l\u2019ensemble du Partenariat du Forum Challenges. Depuis 2003, le CFIS est h\u00e9berg\u00e9 par l\u2019Acad\u00e9mie Folke Bernadotte, l\u2019Agence su\u00e9doise pour la paix et &hellip; A continu\u00e9\" \/>\n<meta property=\"og:url\" content=\"https:\/\/missionleadership.challengesforum.org\/fr\/a-propos-des-considerations\/contact\/\" \/>\n<meta property=\"og:site_name\" content=\"Mission Leadership\" \/>\n<meta property=\"og:image\" content=\"https:\/\/fbaprodcontent.blob.core.windows.net\/missionleadership-prod\/2021\/09\/fe906a3e-5b86-3875-bff1-5793537dc07d.png\" \/>\n\t<meta property=\"og:image:width\" content=\"292\" \/>\n\t<meta property=\"og:image:height\" content=\"233\" \/>\n\t<meta property=\"og:image:type\" content=\"image\/png\" \/>\n<meta name=\"twitter:card\" content=\"summary_large_image\" \/>\n<meta name=\"twitter:label1\" content=\"Est. reading time\" \/>\n\t<meta name=\"twitter:data1\" content=\"1 minute\" \/>\n<script type=\"application\/ld+json\" class=\"yoast-schema-graph\">{\"@context\":\"https:\/\/schema.org\",\"@graph\":[{\"@type\":\"WebPage\",\"@id\":\"https:\/\/missionleadership.challengesforum.org\/fr\/a-propos-des-considerations\/contact\/\",\"url\":\"https:\/\/missionleadership.challengesforum.org\/fr\/a-propos-des-considerations\/contact\/\",\"name\":\"Contact - Mission Leadership\",\"isPartOf\":{\"@id\":\"https:\/\/missionleadership.challengesforum.org\/fr\/#website\"},\"primaryImageOfPage\":{\"@id\":\"https:\/\/missionleadership.challengesforum.org\/fr\/a-propos-des-considerations\/contact\/#primaryimage\"},\"image\":{\"@id\":\"https:\/\/missionleadership.challengesforum.org\/fr\/a-propos-des-considerations\/contact\/#primaryimage\"},\"thumbnailUrl\":\"https:\/\/fbaprodcontent.blob.core.windows.net\/missionleadership-prod\/2021\/09\/fe906a3e-5b86-3875-bff1-5793537dc07d.png\",\"datePublished\":\"2024-04-19T12:39:53+00:00\",\"breadcrumb\":{\"@id\":\"https:\/\/missionleadership.challengesforum.org\/fr\/a-propos-des-considerations\/contact\/#breadcrumb\"},\"inLanguage\":\"fr-FR\",\"potentialAction\":[{\"@type\":\"ReadAction\",\"target\":[\"https:\/\/missionleadership.challengesforum.org\/fr\/a-propos-des-considerations\/contact\/\"]}]},{\"@type\":\"ImageObject\",\"inLanguage\":\"fr-FR\",\"@id\":\"https:\/\/missionleadership.challengesforum.org\/fr\/a-propos-des-considerations\/contact\/#primaryimage\",\"url\":\"https:\/\/fbaprodcontent.blob.core.windows.net\/missionleadership-prod\/2021\/09\/fe906a3e-5b86-3875-bff1-5793537dc07d.png\",\"contentUrl\":\"https:\/\/fbaprodcontent.blob.core.windows.net\/missionleadership-prod\/2021\/09\/fe906a3e-5b86-3875-bff1-5793537dc07d.png\",\"width\":292,\"height\":233},{\"@type\":\"BreadcrumbList\",\"@id\":\"https:\/\/missionleadership.challengesforum.org\/fr\/a-propos-des-considerations\/contact\/#breadcrumb\",\"itemListElement\":[{\"@type\":\"ListItem\",\"position\":1,\"name\":\"Home\",\"item\":\"https:\/\/missionleadership.challengesforum.org\/fr\/\"},{\"@type\":\"ListItem\",\"position\":2,\"name\":\"\u00c0 propos des consid\u00e9rations\",\"item\":\"https:\/\/missionleadership.challengesforum.org\/fr\/a-propos-des-considerations\/\"},{\"@type\":\"ListItem\",\"position\":3,\"name\":\"Contact\"}]},{\"@type\":\"WebSite\",\"@id\":\"https:\/\/missionleadership.challengesforum.org\/fr\/#website\",\"url\":\"https:\/\/missionleadership.challengesforum.org\/fr\/\",\"name\":\"Mission Leadership\",\"description\":\"\",\"potentialAction\":[{\"@type\":\"SearchAction\",\"target\":{\"@type\":\"EntryPoint\",\"urlTemplate\":\"https:\/\/missionleadership.challengesforum.org\/fr\/?s={search_term_string}\"},\"query-input\":{\"@type\":\"PropertyValueSpecification\",\"valueRequired\":true,\"valueName\":\"search_term_string\"}}],\"inLanguage\":\"fr-FR\"}]}<\/script>\n<!-- \/ Yoast SEO plugin. -->","yoast_head_json":{"title":"Contact - Mission Leadership","robots":{"index":"index","follow":"follow","max-snippet":"max-snippet:-1","max-image-preview":"max-image-preview:large","max-video-preview":"max-video-preview:-1"},"canonical":"https:\/\/missionleadership.challengesforum.org\/fr\/a-propos-des-considerations\/contact\/","og_locale":"fr_FR","og_type":"article","og_title":"Contact - Mission Leadership","og_description":"Ce site est g\u00e9r\u00e9 et mis \u00e0 jour par le Secr\u00e9tariat International du Forum Challenges. Le Secr\u00e9tariat International du Forum Challenges (CFIS) est l\u2019organe ex\u00e9cutif du Forum Challenges et agit au nom de l\u2019ensemble du Partenariat du Forum Challenges. Depuis 2003, le CFIS est h\u00e9berg\u00e9 par l\u2019Acad\u00e9mie Folke Bernadotte, l\u2019Agence su\u00e9doise pour la paix et &hellip; A continu\u00e9","og_url":"https:\/\/missionleadership.challengesforum.org\/fr\/a-propos-des-considerations\/contact\/","og_site_name":"Mission Leadership","og_image":[{"width":292,"height":233,"url":"https:\/\/fbaprodcontent.blob.core.windows.net\/missionleadership-prod\/2021\/09\/fe906a3e-5b86-3875-bff1-5793537dc07d.png","type":"image\/png"}],"twitter_card":"summary_large_image","twitter_misc":{"Est. reading time":"1 minute"},"schema":{"@context":"https:\/\/schema.org","@graph":[{"@type":"WebPage","@id":"https:\/\/missionleadership.challengesforum.org\/fr\/a-propos-des-considerations\/contact\/","url":"https:\/\/missionleadership.challengesforum.org\/fr\/a-propos-des-considerations\/contact\/","name":"Contact - Mission Leadership","isPartOf":{"@id":"https:\/\/missionleadership.challengesforum.org\/fr\/#website"},"primaryImageOfPage":{"@id":"https:\/\/missionleadership.challengesforum.org\/fr\/a-propos-des-considerations\/contact\/#primaryimage"},"image":{"@id":"https:\/\/missionleadership.challengesforum.org\/fr\/a-propos-des-considerations\/contact\/#primaryimage"},"thumbnailUrl":"https:\/\/fbaprodcontent.blob.core.windows.net\/missionleadership-prod\/2021\/09\/fe906a3e-5b86-3875-bff1-5793537dc07d.png","datePublished":"2024-04-19T12:39:53+00:00","breadcrumb":{"@id":"https:\/\/missionleadership.challengesforum.org\/fr\/a-propos-des-considerations\/contact\/#breadcrumb"},"inLanguage":"fr-FR","potentialAction":[{"@type":"ReadAction","target":["https:\/\/missionleadership.challengesforum.org\/fr\/a-propos-des-considerations\/contact\/"]}]},{"@type":"ImageObject","inLanguage":"fr-FR","@id":"https:\/\/missionleadership.challengesforum.org\/fr\/a-propos-des-considerations\/contact\/#primaryimage","url":"https:\/\/fbaprodcontent.blob.core.windows.net\/missionleadership-prod\/2021\/09\/fe906a3e-5b86-3875-bff1-5793537dc07d.png","contentUrl":"https:\/\/fbaprodcontent.blob.core.windows.net\/missionleadership-prod\/2021\/09\/fe906a3e-5b86-3875-bff1-5793537dc07d.png","width":292,"height":233},{"@type":"BreadcrumbList","@id":"https:\/\/missionleadership.challengesforum.org\/fr\/a-propos-des-considerations\/contact\/#breadcrumb","itemListElement":[{"@type":"ListItem","position":1,"name":"Home","item":"https:\/\/missionleadership.challengesforum.org\/fr\/"},{"@type":"ListItem","position":2,"name":"\u00c0 propos des consid\u00e9rations","item":"https:\/\/missionleadership.challengesforum.org\/fr\/a-propos-des-considerations\/"},{"@type":"ListItem","position":3,"name":"Contact"}]},{"@type":"WebSite","@id":"https:\/\/missionleadership.challengesforum.org\/fr\/#website","url":"https:\/\/missionleadership.challengesforum.org\/fr\/","name":"Mission Leadership","description":"","potentialAction":[{"@type":"SearchAction","target":{"@type":"EntryPoint","urlTemplate":"https:\/\/missionleadership.challengesforum.org\/fr\/?s={search_term_string}"},"query-input":{"@type":"PropertyValueSpecification","valueRequired":true,"valueName":"search_term_string"}}],"inLanguage":"fr-FR"}]}},"_links":{"self":[{"href":"https:\/\/missionleadership.challengesforum.org\/fr\/wp-json\/wp\/v2\/pages\/2090","targetHints":{"allow":["GET"]}}],"collection":[{"href":"https:\/\/missionleadership.challengesforum.org\/fr\/wp-json\/wp\/v2\/pages"}],"about":[{"href":"https:\/\/missionleadership.challengesforum.org\/fr\/wp-json\/wp\/v2\/types\/page"}],"author":[{"embeddable":true,"href":"https:\/\/missionleadership.challengesforum.org\/fr\/wp-json\/wp\/v2\/users\/1"}],"replies":[{"embeddable":true,"href":"https:\/\/missionleadership.challengesforum.org\/fr\/wp-json\/wp\/v2\/comments?post=2090"}],"version-history":[{"count":0,"href":"https:\/\/missionleadership.challengesforum.org\/fr\/wp-json\/wp\/v2\/pages\/2090\/revisions"}],"up":[{"embeddable":true,"href":"https:\/\/missionleadership.challengesforum.org\/fr\/wp-json\/wp\/v2\/pages\/2085"}],"wp:featuredmedia":[{"embeddable":true,"href":"https:\/\/missionleadership.challengesforum.org\/fr\/wp-json\/wp\/v2\/media\/606"}],"wp:attachment":[{"href":"https:\/\/missionleadership.challengesforum.org\/fr\/wp-json\/wp\/v2\/media?parent=2090"}],"curies":[{"name":"wp","href":"https:\/\/api.w.org\/{rel}","templated":true}]}}